{"id":2341,"date":"2024-11-05T12:05:50","date_gmt":"2024-11-05T12:05:50","guid":{"rendered":"http:\/\/test.madamefee.com\/?page_id=2341"},"modified":"2024-11-05T12:14:22","modified_gmt":"2024-11-05T12:14:22","slug":"zahlungsarten","status":"publish","type":"page","link":"https:\/\/www.madamefee.com\/tr\/zahlungsarten\/","title":{"rendered":"\u00d6deme \u015fekiller\u0131"},"content":{"rendered":"<ul class=\"wp-block-list\">\n<li>Kredikart\u0131<img decoding=\"async\" src=\"https:\/\/www.madamefee.com\/wp-content\/plugins\/woocommerce-payments\/assets\/images\/payment-methods\/generic-card.svg\" alt=\"Kredit-\/Debitkarte\"><br><br><\/li>\n\n\n\n<li>Pe\u015fin \u00f6deme<br>\u00d6demeyi banka hesab\u0131na yat\u0131r\u0131n. Sipari\u015f numaras\u0131n\u0131 kullan\u0131m k\u0131sm\u0131na yaz\u0131n. Paketiniz \u00f6deme gercekle\u015fince kargoya verilecektir.<br><br><\/li>\n\n\n\n<li>Click &amp; Collect (Abholung)<br>\u00d6demeyi gelince yap. Adres: G\u00f6delgasse 4\/62, 1100 Viyana.<br><br><\/li>\n\n\n\n<li>Klarna<img decoding=\"async\" src=\"https:\/\/www.madamefee.com\/wp-content\/plugins\/klarna-payments-for-woocommerce\/assets\/img\/klarna-logo.svg\" alt=\"Klarna\"><br><br><\/li>\n\n\n\n<li>PayPal<br>Paypal ile \u00f6deme<\/li>\n<\/ul>\n\n\n\n<p><\/p>","protected":false},"excerpt":{"rendered":"Kredit-\/Debitkarte Vorkasse\u00dcberweise direkt an unsere Bankverbindung. Bitte nutze die Bestellnummer als Verwendungszweck. Deine Bestellung wird erst nach Geldeingang auf unserem Konto versandt. Click &amp; Collect (Abholung)Bezahlung bei Abholung. Abholadresse: G\u00f6delgasse&hellip;","protected":false},"author":1,"featured_media":0,"parent":0,"menu_order":0,"comment_status":"closed","ping_status":"closed","template":"","meta":{"footnotes":""},"class_list":["post-2341","page","type-page","status-publish","hentry"],"jetpack_sharing_enabled":true,"_links":{"self":[{"href":"https:\/\/www.madamefee.com\/tr\/wp-json\/wp\/v2\/pages\/2341","targetHints":{"allow":["GET"]}}],"collection":[{"href":"https:\/\/www.madamefee.com\/tr\/wp-json\/wp\/v2\/pages"}],"about":[{"href":"https:\/\/www.madamefee.com\/tr\/wp-json\/wp\/v2\/types\/page"}],"author":[{"embeddable":true,"href":"https:\/\/www.madamefee.com\/tr\/wp-json\/wp\/v2\/users\/1"}],"replies":[{"embeddable":true,"href":"https:\/\/www.madamefee.com\/tr\/wp-json\/wp\/v2\/comments?post=2341"}],"version-history":[{"count":6,"href":"https:\/\/www.madamefee.com\/tr\/wp-json\/wp\/v2\/pages\/2341\/revisions"}],"predecessor-version":[{"id":2354,"href":"https:\/\/www.madamefee.com\/tr\/wp-json\/wp\/v2\/pages\/2341\/revisions\/2354"}],"wp:attachment":[{"href":"https:\/\/www.madamefee.com\/tr\/wp-json\/wp\/v2\/media?parent=2341"}],"curies":[{"name":"wp","href":"https:\/\/api.w.org\/{rel}","templated":true}]}}