{"id":3,"date":"2024-10-31T10:16:14","date_gmt":"2024-10-31T10:16:14","guid":{"rendered":"http:\/\/test.madamefee.com\/?page_id=3"},"modified":"2024-11-05T12:57:30","modified_gmt":"2024-11-05T12:57:30","slug":"datenschutz","status":"publish","type":"page","link":"https:\/\/www.madamefee.com\/tr\/datenschutz\/","title":{"rendered":"Gizlilik politikas\u0131"},"content":{"rendered":"<div class=\"wpb-content-wrapper\"><div class=\"vc_row wpb_row vc_row-fluid\"><div class=\"wpb_column vc_column_container vc_col-sm-12\"><div class=\"vc_column-inner\"><div class=\"wpb_wrapper\">\n\t<div class=\"wpb_text_column wpb_content_element\" >\n\t\t<div class=\"wpb_wrapper\">\n\t\t\t<div id=\"content\" class=\"site-content\">\n<div class=\"container\">\n<div id=\"primary\" class=\"content-area\">\n<p>&nbsp;<\/p>\n<article id=\"post-2628\" class=\"post-2628 page type-page status-publish hentry\">\n<div class=\"entry-content\">\n<h3 id=\"datenschutzerklarung\" class=\"wp-block-heading\">Gizlilik politikas\u0131<\/h3>\n<p>Vielen Dank f\u00fcr Ihr Interesse an unserem Onlineauftritt. Der Schutz Ihrer pers\u00f6nlichen Daten liegt uns<br \/>\nsehr am Herzen. An dieser Stelle m\u00f6chten wir Sie daher \u00fcber den Datenschutz in unserem<br \/>\nUnternehmen informieren. Selbstverst\u00e4ndlich beachten wir die gesetzlichen Bestimmungen des<br \/>\nDatenschutzgesetzes (DSG2000, EUDSGVO) des Telekommunikations-gesetzes (TKG) und anderer<br \/>\ndatenschutzrechtlicher Bestimmungen.<\/p>\n<p>Bei Ihren pers\u00f6nlichen Daten k\u00f6nnen Sie uns vertrauen! Sie werden durch digitale<br \/>\nSicherheitssysteme verschl\u00fcsselt und an uns \u00fcbertragen. Unsere Webseiten sind durch technische<br \/>\nMa\u00dfnahmen gegen Besch\u00e4digungen, Zerst\u00f6rung oder unberechtigten Zugriff gesch\u00fctzt.<\/p>\n<h3 id=\"gegenstand-des-datenschutzes\" class=\"wp-block-heading\">Gegenstand des Datenschutzes<\/h3>\n<p>Gegenstand des Datenschutzes sind personenbezogene Daten. Diese sind nach EUDSGVO<br \/>\nEinzelangaben \u00fcber pers\u00f6nliche oder sachliche Verh\u00e4ltnisse einer bestimmten oder bestimmbaren<br \/>\nnat\u00fcrlichen Person. Hierunter fallen z. B. Angaben wie Name, Post-Adresse, E-Mail-Adresse oder<br \/>\nTelefonnummer, ggf. aber auch Nutzungsdaten wie Ihre IP-Adresse.<\/p>\n<h3 id=\"umfang-der-datenerhebung-und-speicherung\" class=\"wp-block-heading\">Umfang der Datenerhebung und -speicherung<\/h3>\n<p>Im Allgemeinen ist es f\u00fcr die Nutzung unserer Internetseite nicht erforderlich, dass Sie<br \/>\npersonenbezogene Daten angeben. Damit wir unsere Dienstleistungen aber tats\u00e4chlich erbringen<br \/>\nk\u00f6nnen, ben\u00f6tigen wir ggf. Ihre personenbezogenen Daten. Dies gilt vor allem f\u00fcr die Beantwortung<br \/>\nindividueller Anfragen.<\/p>\n<p>Wenn Sie uns mit der Erbringung einer Dienstleistung beauftragen, erheben und speichern wir Ihre<br \/>\npers\u00f6nlichen Daten grunds\u00e4tzlich nur, soweit es f\u00fcr die Erbringung der Dienstleistung oder die<br \/>\nDurchf\u00fchrung des Auftrages notwendig ist.<br \/>\nDazu kann es erforderlich sein, Ihre pers\u00f6nlichen Daten an Unternehmen weiterzugeben, die wir zur<br \/>\nErbringung der Dienstleistung oder zur Vertragsabwicklung einsetzen.<\/p>\n<p>Eine Weitergabe Ihrer pers\u00f6nlichen Daten an Dritte erfolgt ohne Ihre ausdr\u00fcckliche Einwilligung<br \/>\nnicht, sofern dies nicht zur Erbringung der Dienstleistung oder zur Vertragsdurchf\u00fchrung notwendig<br \/>\nist (wie oben angegeben). Auch die \u00dcbermittlung an auskunftsberechtigte staatliche Institution und<br \/>\nBeh\u00f6rden erfolgt nur im Rahmen der gesetzlichen Auskunftspflichten oder wenn wir durch eine<br \/>\ngerichtliche Entscheidung zur Auskunft verpflichtet werden. In letzterem Fall werden die Betroffenen<br \/>\n\u00fcber die \u00dcbermittlung der Daten umgehend informiert.<\/p>\n<p>Nach vollst\u00e4ndiger Vertragsabwicklung werden Ihre Daten nach Ablauf des Verwendungszweckes<br \/>\nund der steuer- und handelsrechtlichen Aufbewahrungsvorschriften gel\u00f6scht, sofern Sie nicht<br \/>\nausdr\u00fccklich einer dar\u00fcber hinausgehende Datenverwendung zugestimmt haben (siehe<br \/>\nL\u00f6schunganrecht).<\/p>\n<p>Wenn Sie sich mit Ihrer E-Mail-Adresse f\u00fcr unseren Newsletter angemeldet haben, nutzen wir Ihre E-<br \/>\nMail-Adresse auch \u00fcber die Vertragsdurchf\u00fchrung hinaus f\u00fcr eigene Werbezwecke, bis Sie sich vom<br \/>\nNewsletter-Bezug abmelden.<\/p>\n<h3 id=\"daten-erhebung-durch-nutzung-von-google-analytics\" class=\"wp-block-heading\">Daten-Erhebung durch Nutzung von Google-Analytics<\/h3>\n<p>Unsere Webseite benutzt Google-Analytics, einen Webanalysedienst, der Google inc. Google-<br \/>\nAnalytics verwendet sogenannte \u201eCookies\u201c. Dabei handelt es sich um Dateien, die auf Ihrem<br \/>\nComputer gespeichert werden und die eine Analyse ihrer Benutzung der Website erm\u00f6glichen.<br \/>\nErfasst werden Informationen. Die durch diese Dateien erzeugten Informationen \u00fcber die Benutzung<br \/>\nunserer Webseite werden an Google in den USA \u00fcbertragen und dort gespeichert. Google nutzt diese<br \/>\nInformation, um die Nutzung unserer Webseite auszuwerten und um Reports \u00fcber die<br \/>\nWebseitenaktivit\u00e4t f\u00fcr die Webseitenbetreiber zusammen zu stellen. Sofern dies gesetzlich<br \/>\nvorgeschrieben ist oder soweit Dritte diese Daten im Auftrag von Google verarbeiten, wird Google<br \/>\ndiese Information auch an diese Dritten weitergeben. Die Nutzung erfolgt anonymisiert oder<br \/>\npseudonymisiert. N\u00e4here Informationen dar\u00fcber finden Sie direkt bei Google<br \/>\nhttp:\/\/www.google.com\/intl\/de\/privacypolicy.html#information<\/p>\n<p>Wenn Sie nicht m\u00f6chten, dass Ihre Websiteaktivit\u00e4ten von Google Analytics aufgezeichnet werden,<br \/>\nk\u00f6nnen Sie das Browser-Add-on zur Deaktivierung von Google Analytics installieren. So wird<br \/>\nverhindert, dass \u00fcber das auf Websites ausgef\u00fchrte JavaScript (ga.js, analytics.js und dc.js)<br \/>\nAktivit\u00e4tsdaten mit Google Analytics geteilt werden.<\/p>\n<p>N\u00e4here Informationen und den Downloadlink f\u00fcr das Browser-Add-on finden Sie hier:<br \/>\nhttps:\/\/tools.google.com\/dlpage\/gaoptout?hl=de<\/p>\n<p>Selbstverst\u00e4ndlich k\u00f6nnen Sie unsere Websites auch ohne Cookies betrachten. Sie k\u00f6nnen das<br \/>\nSpeichern von Cookies auf Ihrer Festplatte verhindern, indem Sie in Ihren Browser-Einstellungen<br \/>\n\u201ckeine Cookies akzeptieren\u201d w\u00e4hlen. Wie das im Einzelnen funktioniert, entnehmen Sie bitte der<br \/>\nBedienungsanleitung oder der Hilfefunktion Ihres Browsers. Wenn Sie keine Cookies akzeptieren,<br \/>\nkann dieses aber zu gewissen Funktionseinschr\u00e4nkungen f\u00fchren.<\/p>\n<h3 id=\"erhebung-und-speicherung-von-nutzungsdaten\" class=\"wp-block-heading\">Erhebung und Speicherung von Nutzungsdaten<\/h3>\n<p>Zur Optimierung unserer Webseite sammeln und speichern wir Daten wie z. B. Datum und Uhrzeit<br \/>\ndes Seitenaufrufs oder die Seite, von der Sie unsere Seite aufgerufen haben. Dies erfolgt<br \/>\nanonymisiert, ohne den Benutzer der Seite pers\u00f6nlich zu identifizieren. Unter Umst\u00e4nden werden<br \/>\nNutzerprofile mittels eines Pseudonyms erstellt. Auch hierbei erfolgt keine Verbindung zwischen der<br \/>\nhinter dem Pseudonym stehenden nat\u00fcrlichen Personen mit den erhobenen Nutzungsdaten. Diese<br \/>\nDaten erheben wir ausschlie\u00dflich zu statistischen Zwecken, um unseren Internetauftritt weiter zu<br \/>\noptimieren und unsere Internetangebote noch attraktiver gestalten zu k\u00f6nnen. Die Erhebung und<br \/>\nSpeicherung erfolgt ausschlie\u00dflich in anonymisierter oder pseudonymisierter Form und l\u00e4sst keinen<br \/>\nR\u00fcckschluss auf Sie als nat\u00fcrlich Person zu<\/p>\n<h3 id=\"zweckgebundene-datenverwendung\" class=\"wp-block-heading\">Zweckgebundene Datenverwendung<\/h3>\n<p>Wir beachten den Grundsatz der zweckgebundenen Daten-Verwendung und erheben, verarbeiten<br \/>\nund speichern personenbezogene Daten nur f\u00fcr die Zwecke, die legitim sind und eine entsprechende<br \/>\nRechtsgrundlage besitzen.<br \/>\nAuch den unternehmensinternen Datenschutz nehmen wir sehr ernst. Unsere Mitarbeiter und die<br \/>\nvon uns beauftragten Dienstleistungsunternehmen sind von uns zur Verschwiegenheit und zur<br \/>\nEinhaltung der datenschutzrechtlichen Bestimmungen verpflichtet worden.<\/p>\n<h3 id=\"auskunfts-loschungs-und-widerspruchsrecht-sowie-kontaktdaten\" class=\"wp-block-heading\">Auskunfts-, L\u00f6schungs- und Widerspruchsrecht sowie Kontaktdaten<\/h3>\n<p>Ihnen steht das Recht zu, jederzeit in angemessenem Umfang Auskunft \u00fcber bzw. L\u00f6schung der von<br \/>\nIhnen verarbeiteten personenbezogenen Daten zu verlangen. Ferner steht Ihnen das Recht zu, diese<br \/>\nDaten berichtigen oder sperren zu lassen. Ebenso haben Sie das Recht, jederzeit, ohne Angabe von<br \/>\nGr\u00fcnden, der Verarbeitung Ihrer personenbezogenen Daten zu widersprechen. In diesem Fall werden<br \/>\nwir die weitere Verarbeitung Ihrer personenbezogenen Daten sofort einstellen und die Daten<br \/>\nunwiederbringlich vernichten. Bitte beachten Sie, dass dadurch eine weitere Zusammenarbeit<br \/>\nausgeschlossen wird oder Dienstleistungen unsererseits nicht mehr m\u00f6glich sind.<\/p>\n<p>Wenn Sie Auskunft \u00fcber Ihre personenbezogenen Daten beziehungsweise deren Korrektur oder<br \/>\nL\u00f6schung w\u00fcnschen sowie Widerspruch einlegen m\u00f6chten oder weitergehende Fragen \u00fcber die<br \/>\nVerwendung Ihrer uns \u00fcberlassenen personenbezogenen Daten haben, kontaktieren Sie bitte:<\/p>\n<p><strong>online@madamefee.com<\/strong><\/p>\n<p>Wenn Sie bei einzelnen Diensten der Gesellschaft XXX als Nutzer registriert sind, bieten wir Ihnen<br \/>\nteilweise auch an, die Daten \u00fcber ein Nutzer-Konto selbst einzusehen und gegebenenfalls zu l\u00f6schen<br \/>\noder zu \u00e4ndern.<br \/>\nJeder Betroffene hat jederzeit das Recht, sich bei Unzufriedenheit, Unstimmigkeiten oder bei einem<br \/>\nVerdacht auf Unregelm\u00e4\u00dfigkeiten direkt an die Datenschutzbeh\u00f6rde seines Heimatlandes zu richten.<\/p>\n<p>Beachten sie, dass sich Datenschutzbestimmungen und Handhabungen zum Datenschutz, z. B. bei<br \/>\nGoogle, laufend \u00e4ndern k\u00f6nnen. Es ist daher ratsam und erforderlich, sich \u00fcber Ver\u00e4nderungen der<br \/>\ngesetzlichen Bestimmungen und der Praxis von Unternehmen, z. B. Google, laufend zu informieren.<\/p>\n<p>F\u00fcr alle Webseitenbetreiber, die einen Link zu dieser Seite ihrer jeweiligen Homepage einf\u00fcgt haben,<br \/>\ngilt, dass die Textelemente jeder hier enthaltenen Datenschutzerkl\u00e4rung nur beispielhaften<br \/>\nCharakter haben und keinen Anspruch auf Vollst\u00e4ndigkeit, Richtigkeit und Aktualit\u00e4t erheben<br \/>\nsowie keine individuelle Rechtsberatung ersetzen k\u00f6nnen. Ein Rechtsberatungsverh\u00e4ltnis oder ein<br \/>\nsonst irgendwie bindendes Rechtsverh\u00e4ltnis kommt durch die Nutzung dieser Seiten und Inhalte<br \/>\nnicht zustande. Die Inhalte der Datenschutzerkl\u00e4rung sind selbst\u00e4ndig und in Eigenverantwortung<br \/>\nzu pr\u00fcfen, ob sie f\u00fcr die jeweiligen Internetangebote oder -dienste zutreffend sind und keine<br \/>\nZusagen enthalten, die der Webseitenbetreiber selbst nicht erf\u00fcllen kann.\u201c<\/p>\n<\/div>\n<\/article>\n<p>&nbsp;<\/p>\n<\/div>\n<\/div>\n<\/div>\n\n\t\t<\/div>\n\t<\/div>\n<\/div><\/div><\/div><\/div>\n<\/div>","protected":false},"excerpt":{"rendered":"&nbsp; Datenschutzerkl\u00e4rung Vielen Dank f\u00fcr Ihr Interesse an unserem Onlineauftritt. Der Schutz Ihrer pers\u00f6nlichen Daten liegt uns sehr am Herzen. An dieser Stelle m\u00f6chten wir Sie daher \u00fcber den Datenschutz&hellip;","protected":false},"author":1,"featured_media":0,"parent":0,"menu_order":0,"comment_status":"closed","ping_status":"open","template":"","meta":{"footnotes":""},"class_list":["post-3","page","type-page","status-publish","hentry"],"jetpack_sharing_enabled":true,"_links":{"self":[{"href":"https:\/\/www.madamefee.com\/tr\/wp-json\/wp\/v2\/pages\/3","targetHints":{"allow":["GET"]}}],"collection":[{"href":"https:\/\/www.madamefee.com\/tr\/wp-json\/wp\/v2\/pages"}],"about":[{"href":"https:\/\/www.madamefee.com\/tr\/wp-json\/wp\/v2\/types\/page"}],"author":[{"embeddable":true,"href":"https:\/\/www.madamefee.com\/tr\/wp-json\/wp\/v2\/users\/1"}],"replies":[{"embeddable":true,"href":"https:\/\/www.madamefee.com\/tr\/wp-json\/wp\/v2\/comments?post=3"}],"version-history":[{"count":2,"href":"https:\/\/www.madamefee.com\/tr\/wp-json\/wp\/v2\/pages\/3\/revisions"}],"predecessor-version":[{"id":2359,"href":"https:\/\/www.madamefee.com\/tr\/wp-json\/wp\/v2\/pages\/3\/revisions\/2359"}],"wp:attachment":[{"href":"https:\/\/www.madamefee.com\/tr\/wp-json\/wp\/v2\/media?parent=3"}],"curies":[{"name":"wp","href":"https:\/\/api.w.org\/{rel}","templated":true}]}}