{"id":1686,"date":"2024-11-01T07:13:53","date_gmt":"2024-11-01T07:13:53","guid":{"rendered":"http:\/\/test.madamefee.com\/?post_type=product&#038;p=1686"},"modified":"2024-12-10T15:28:31","modified_gmt":"2024-12-10T15:28:31","slug":"invee-schal-6","status":"publish","type":"product","link":"https:\/\/www.madamefee.com\/tr\/shop\/invee-schal-6\/","title":{"rendered":"Invee \u015eal"},"content":{"rendered":"","protected":false},"excerpt":{"rendered":"<p><strong>Tan\u0131m<\/strong><\/p>\n<p>87% Viskose 13% Polyester<\/p>\n<p><strong>Bak\u0131m talimatlar\u0131<\/strong><\/p>\n<p>Handw\u00e4sche, nicht hei\u00df b\u00fcgel<\/p>","protected":false},"featured_media":1717,"template":"","meta":[],"product_brand":[],"product_cat":[91],"product_tag":[],"class_list":{"0":"post-1686","1":"product","2":"type-product","3":"status-publish","4":"has-post-thumbnail","6":"product_cat-invee-schal","8":"first","9":"outofstock","10":"sale","11":"shipping-taxable","12":"purchasable","13":"product-type-simple","14":"layout-style-2","15":"col-md-4 col-sm-4 col-xs-6","16":"col-lg-3","17":"product-has-gallery","18":"product-style-addtocart"},"jetpack_sharing_enabled":true,"_links":{"self":[{"href":"https:\/\/www.madamefee.com\/tr\/wp-json\/wp\/v2\/product\/1686","targetHints":{"allow":["GET"]}}],"collection":[{"href":"https:\/\/www.madamefee.com\/tr\/wp-json\/wp\/v2\/product"}],"about":[{"href":"https:\/\/www.madamefee.com\/tr\/wp-json\/wp\/v2\/types\/product"}],"wp:featuredmedia":[{"embeddable":true,"href":"https:\/\/www.madamefee.com\/tr\/wp-json\/wp\/v2\/media\/1717"}],"wp:attachment":[{"href":"https:\/\/www.madamefee.com\/tr\/wp-json\/wp\/v2\/media?parent=1686"}],"wp:term":[{"taxonomy":"product_brand","embeddable":true,"href":"https:\/\/www.madamefee.com\/tr\/wp-json\/wp\/v2\/product_brand?post=1686"},{"taxonomy":"product_cat","embeddable":true,"href":"https:\/\/www.madamefee.com\/tr\/wp-json\/wp\/v2\/product_cat?post=1686"},{"taxonomy":"product_tag","embeddable":true,"href":"https:\/\/www.madamefee.com\/tr\/wp-json\/wp\/v2\/product_tag?post=1686"}],"curies":[{"name":"wp","href":"https:\/\/api.w.org\/{rel}","templated":true}]}}