{"id":1762,"date":"2024-11-01T07:14:40","date_gmt":"2024-11-01T07:14:40","guid":{"rendered":"http:\/\/test.madamefee.com\/?post_type=product&#038;p=1762"},"modified":"2024-12-10T15:29:36","modified_gmt":"2024-12-10T15:29:36","slug":"invee-leopard-schal-11","status":"publish","type":"product","link":"https:\/\/www.madamefee.com\/tr\/shop\/invee-leopard-schal-11\/","title":{"rendered":"Invee Leopard \u015eal"},"content":{"rendered":"","protected":false},"excerpt":{"rendered":"<p><strong>Tan\u0131m<\/strong><br \/>\n8% Baumwolle 22%Seide 70%Viskose<br \/>\n<strong>Bak\u0131m talimatlar\u0131<\/strong><br \/>\nHandw\u00e4sche, nicht hei\u00df b\u00fcgeln <\/p>","protected":false},"featured_media":1783,"template":"","meta":[],"product_brand":[],"product_cat":[159],"product_tag":[],"class_list":{"0":"post-1762","1":"product","2":"type-product","3":"status-publish","4":"has-post-thumbnail","6":"product_cat-invee-leopard-schal","8":"first","9":"outofstock","10":"shipping-taxable","11":"purchasable","12":"product-type-simple","13":"layout-style-2","14":"col-md-4 col-sm-4 col-xs-6","15":"col-lg-3","16":"product-has-gallery","17":"product-style-addtocart"},"jetpack_sharing_enabled":true,"_links":{"self":[{"href":"https:\/\/www.madamefee.com\/tr\/wp-json\/wp\/v2\/product\/1762","targetHints":{"allow":["GET"]}}],"collection":[{"href":"https:\/\/www.madamefee.com\/tr\/wp-json\/wp\/v2\/product"}],"about":[{"href":"https:\/\/www.madamefee.com\/tr\/wp-json\/wp\/v2\/types\/product"}],"wp:featuredmedia":[{"embeddable":true,"href":"https:\/\/www.madamefee.com\/tr\/wp-json\/wp\/v2\/media\/1783"}],"wp:attachment":[{"href":"https:\/\/www.madamefee.com\/tr\/wp-json\/wp\/v2\/media?parent=1762"}],"wp:term":[{"taxonomy":"product_brand","embeddable":true,"href":"https:\/\/www.madamefee.com\/tr\/wp-json\/wp\/v2\/product_brand?post=1762"},{"taxonomy":"product_cat","embeddable":true,"href":"https:\/\/www.madamefee.com\/tr\/wp-json\/wp\/v2\/product_cat?post=1762"},{"taxonomy":"product_tag","embeddable":true,"href":"https:\/\/www.madamefee.com\/tr\/wp-json\/wp\/v2\/product_tag?post=1762"}],"curies":[{"name":"wp","href":"https:\/\/api.w.org\/{rel}","templated":true}]}}