{"id":1857,"date":"2024-11-01T07:15:40","date_gmt":"2024-11-01T07:15:40","guid":{"rendered":"http:\/\/test.madamefee.com\/?post_type=product&#038;p=1857"},"modified":"2024-12-10T15:30:19","modified_gmt":"2024-12-10T15:30:19","slug":"invee-dama-schal-4","status":"publish","type":"product","link":"https:\/\/www.madamefee.com\/tr\/shop\/invee-dama-schal-4\/","title":{"rendered":"Invee Dama \u015eal"},"content":{"rendered":"","protected":false},"excerpt":{"rendered":"<p><strong>Tan\u0131m<\/strong><\/p>\n<p>78% Baumwolle 22%Seide<\/p>\n<p><strong>Bak\u0131m talimatlar\u0131<\/strong><\/p>\n<p>Handw\u00e4sche, nicht hei\u00df b\u00fcgeln<\/p>","protected":false},"featured_media":1886,"template":"","meta":[],"product_brand":[],"product_cat":[103],"product_tag":[],"class_list":{"0":"post-1857","1":"product","2":"type-product","3":"status-publish","4":"has-post-thumbnail","6":"product_cat-invee-dama-schal","8":"first","9":"outofstock","10":"shipping-taxable","11":"purchasable","12":"product-type-simple","13":"layout-style-2","14":"col-md-4 col-sm-4 col-xs-6","15":"col-lg-3","16":"product-has-gallery","17":"product-style-addtocart"},"jetpack_sharing_enabled":true,"_links":{"self":[{"href":"https:\/\/www.madamefee.com\/tr\/wp-json\/wp\/v2\/product\/1857","targetHints":{"allow":["GET"]}}],"collection":[{"href":"https:\/\/www.madamefee.com\/tr\/wp-json\/wp\/v2\/product"}],"about":[{"href":"https:\/\/www.madamefee.com\/tr\/wp-json\/wp\/v2\/types\/product"}],"wp:featuredmedia":[{"embeddable":true,"href":"https:\/\/www.madamefee.com\/tr\/wp-json\/wp\/v2\/media\/1886"}],"wp:attachment":[{"href":"https:\/\/www.madamefee.com\/tr\/wp-json\/wp\/v2\/media?parent=1857"}],"wp:term":[{"taxonomy":"product_brand","embeddable":true,"href":"https:\/\/www.madamefee.com\/tr\/wp-json\/wp\/v2\/product_brand?post=1857"},{"taxonomy":"product_cat","embeddable":true,"href":"https:\/\/www.madamefee.com\/tr\/wp-json\/wp\/v2\/product_cat?post=1857"},{"taxonomy":"product_tag","embeddable":true,"href":"https:\/\/www.madamefee.com\/tr\/wp-json\/wp\/v2\/product_tag?post=1857"}],"curies":[{"name":"wp","href":"https:\/\/api.w.org\/{rel}","templated":true}]}}